{"id":1369,"date":"2025-11-08T07:37:11","date_gmt":"2025-11-08T07:37:11","guid":{"rendered":"https:\/\/chinasourcinggroup.com\/?page_id=1369"},"modified":"2025-11-18T08:46:23","modified_gmt":"2025-11-18T08:46:23","slug":"payment","status":"publish","type":"page","link":"https:\/\/chinasourcinggroup.com\/fr\/payment\/","title":{"rendered":"Informations sur le paiement"},"content":{"rendered":"<div class=\"gsbp-e1acc36826d968 alignfull\">\n<div class=\"gsbp-538ec82507f398\">\n<section class=\"gsbp-b5334c0e223c88\">\n<div class=\"gsbp-5c4c2f75e3b058\">\n<span class=\"gsbp-a97c2080066ea\">Informations sur les paiements de Jingsourcing<\/span>\n\n\n\n<span class=\"gsbp-11e98fc9b3f518\">\n<span class=\"gsbp-cfecceeef27bd\">\n<a class=\"gsbp-4db1f52769b66\">Jing Zhu<\/a>\n<\/span>\n<\/span>\n\n\n\n<span class=\"gsbp-4f17df9a954ad8\">2024-10-31T10:34:53+08:00<\/span>\n\n\n\n<div class=\"gsbp-8fca511ad8f5c8\">\n<div class=\"gsbp-da4808352bcdf\">\n<section class=\"gsbp-3e2d98d75fd618\">\n<div class=\"gsbp-1ce72bf1059258\">\n<div class=\"gsbp-29107417b5aca\">\n<div class=\"gsbp-ab34113d86a85\">\n<div class=\"gsbp-f9a0e0f70989c8\">\n<div class=\"gsbp-b453fbcd8e46e\">\n<h1 class=\"gsbp-0ce59e822d46d8\">Modes de paiement accept\u00e9s par CHINA SOURCING GROUP CO, LTD<\/h1>\n<\/div>\n<\/div>\n\n\n\n<div class=\"gsbp-2418cf395dec58\">\n<div class=\"gsbp-06f0ba5c1bff2\">\n<div class=\"gsbp-49413ed752b588\">\n<span class=\"gsbp-909ef1be5ea5f8\"><\/span>\n<\/div>\n<\/div>\n<\/div>\n\n\n\n<div class=\"gsbp-500e9d13a27d6\">\n<div class=\"gsbp-71114f6302872\">\n<div id=\"gspb_text-id-gsbp-b7cf165\" class=\"gspb_text gspb_text-id-gsbp-b7cf165\">Les modes de paiement officiels accept\u00e9s par <strong>CHINA SOURCING GROUP CO, LTD<\/strong> sont \u00e9num\u00e9r\u00e9s ci-dessous. Si vous avez des questions concernant les paiements, ou si quelqu'un fournit des d\u00e9tails de paiement qui ne correspondent pas \u00e0 la liste ci-dessous, veuillez nous contacter. <strong>pas<\/strong> list\u00e9s ici, veuillez nous envoyer un courriel \u00e0 l'adresse suivante <strong><a>info@chinasourcinggroup.com<\/a><\/strong> (ou l'email officiel de votre entreprise) pour confirmation <strong>avant<\/strong> effectuer un transfert.<\/div>\n<\/div>\n<\/div>\n<\/div>\n<\/div>\n<\/div>\n<\/section>\n\n\n\n<h3 class=\"wp-block-heading\" id=\"1-wire-transfer-from-all-countries\">1. Virement bancaire depuis tous les pays<\/h3>\n\n\n\n<p>Le virement bancaire est la m\u00e9thode la plus fr\u00e9quemment utilis\u00e9e dans le commerce international et les frais de virement sont g\u00e9n\u00e9ralement les plus bas (autour de <strong>US$20-US$40<\/strong> par transfert, selon la banque, pour tout montant de paiement en USD).<\/p>\n\n\n\n<p>Vous pouvez effectuer un virement en vous rendant dans votre banque locale ou en utilisant des services de virement en ligne tels que <strong>Veem<\/strong> (environ $20 de frais) ou <strong>Sage<\/strong> (environ $10-US$30 de frais).<br>Veuillez noter que nous n'acceptons que <strong>Paiements en USD<\/strong>.<\/p>\n\n\n\n<p><strong>Coordonn\u00e9es bancaires :<\/strong><br>Nom du compte : <strong>CHINA SOURCING GROUP TRADING CO, LIMITED<\/strong><br>Num\u00e9ro de compte : <strong>OSA15000107381345<\/strong><br>Adresse du b\u00e9n\u00e9ficiaire : <strong>Room 1701, 628 Chengxin Ave, Zhejiang, Chine. Code postal 322000.<\/strong><br>Code SWIFT : <strong>SZDBCNBS<\/strong><br>Banque b\u00e9n\u00e9ficiaire : <strong>PINGAN BANK CO., LTD<\/strong><br>Adresse de la banque : <strong>NO. 5047, SHENNAN DONG ROAD, SHENZHEN, P. R. CHINA<\/strong><\/p>\n\n\n\n<hr class=\"wp-block-separator has-alpha-channel-opacity\"\/>\n\n\n\n<h3 class=\"wp-block-heading\" id=\"2-payoneer\">2. Payoneer<\/h3>\n\n\n\n<p>Payoneer est tr\u00e8s populaire parmi les vendeurs Amazon pour retirer des fonds d'Amazon et payer les fournisseurs. Si vous avez d\u00e9j\u00e0 un compte Payoneer avec un solde, vous pouvez nous payer directement via Payoneer.<\/p>\n\n\n\n<p>Frais de Payoneer <strong>US$0<\/strong> de frais pour vous lorsque vous nous payez de cette mani\u00e8re. Cependant, de notre c\u00f4t\u00e9, Payoneer facture :<\/p>\n\n\n\n<ul class=\"wp-block-list\">\n<li>Un suppl\u00e9ment <strong>0.5%<\/strong> du montant si vous payez avec votre solde Payoneer existant<\/li>\n\n\n\n<li>Un suppl\u00e9ment <strong>3%<\/strong> du montant si vous utilisez d'autres m\u00e9thodes de financement propos\u00e9es par Payoneer<\/li>\n<\/ul>\n\n\n\n<p>M\u00eame en tenant compte de ces co\u00fbts, la <strong>les frais totaux sont g\u00e9n\u00e9ralement inf\u00e9rieurs \u00e0 ceux d'un virement bancaire<\/strong> si vous payez <strong>moins de US$10.000<\/strong>.<\/p>\n\n\n\n<p>Notre compte Payoneer : <strong>[l'email officiel de votre compte Payoneer]<\/strong><\/p>\n\n\n\n<hr class=\"wp-block-separator has-alpha-channel-opacity\"\/>\n\n\n\n<h3 class=\"wp-block-heading\" id=\"3-paypal-payment-credit-card-accepted\">3. Paiement PayPal (carte de cr\u00e9dit accept\u00e9e)<\/h3>\n\n\n\n<p>Nous acceptons principalement <strong>PayPal<\/strong> pour les commandes d'\u00e9chantillons. Votre agent cr\u00e9era une facture PayPal et vous enverra un lien pour effectuer le paiement, ou vous pouvez payer directement sur notre compte PayPal.<\/p>\n\n\n\n<p>Si vous souhaitez payer un <strong>commande group\u00e9e<\/strong> via PayPal, veuillez d'abord vous assurer aupr\u00e8s de votre agent que cette m\u00e9thode est acceptable.<br>Pour les commandes en nombre, un suppl\u00e9ment de <strong>5%<\/strong> du montant total sera ajout\u00e9 pour couvrir les frais de PayPal factur\u00e9s de notre c\u00f4t\u00e9.<\/p>\n\n\n\n<p>Notre compte PayPal : <strong>[votre email PayPal, par exemple. <a>pay@yourdomain.com<\/a>]<\/strong><br>Nom du compte : <strong>CHINA SOURCING GROUP ECOMMERCE CO., LIMITED<\/strong><\/p>\n\n\n\n<hr class=\"wp-block-separator has-alpha-channel-opacity\"\/>\n\n\n\n<h3 class=\"wp-block-heading\" id=\"4-alibaba-trade-assurance\">4. Assurance commerciale Alibaba<\/h3>\n\n\n\n<p>Afin d'offrir davantage d'options de paiement, notre soci\u00e9t\u00e9 est \u00e9galement un fournisseur de services de paiement en ligne. <strong>Alibaba Fournisseur d'or<\/strong> et soutient <strong>Assurance commerciale Alibaba<\/strong> paiements.<\/p>\n\n\n\n<p>Pour utiliser cette m\u00e9thode, veuillez fournir votre <strong>Courriel du compte Alibaba<\/strong> \u00e0 votre agent. Votre agent cr\u00e9era alors un <strong>Ordre d'assurance commerciale<\/strong> sur Alibaba et vous guidera tout au long du processus de paiement.<\/p>\n\n\n\n<p>A noter :<\/p>\n\n\n\n<ul class=\"wp-block-list\">\n<li>Vous devez payer <strong>2% plus<\/strong> du montant pour couvrir les frais d'Alibaba factur\u00e9s de notre c\u00f4t\u00e9<\/li>\n\n\n\n<li>Chaque paiement doit \u00eatre <strong>moins de US$5,000<\/strong>; si le total d\u00e9passe ce montant, il se peut que nous devions le diviser en plusieurs paiements.<\/li>\n<\/ul>\n\n\n\n<section class=\"gsbp-76a1679b3ecbe\">\n<div class=\"gsbp-983bcddb7de0e\">\n<div class=\"gsbp-033f7bdb4b4de\">\n<div class=\"gsbp-f7d0e2d9a832b\">\n<div class=\"gsbp-b47812812fe39\">\n<div class=\"gsbp-cc10d31f700578\">\n<div class=\"gsbp-1a0ab2c4c49eb8\">\n<div class=\"gsbp-659465671cdf68\"><\/div>\n<\/div>\n<\/div>\n<\/div>\n<\/div>\n<\/div>\n<\/div>\n<\/section>\n<\/div>\n<\/div>\n<\/div>\n<\/section>\n<\/div>\n<\/div>","protected":false},"excerpt":{"rendered":"","protected":false},"author":1,"featured_media":0,"parent":0,"menu_order":0,"comment_status":"closed","ping_status":"closed","template":"","meta":{"_gspb_post_css":".gsbp-538ec82507f398,.gsbp-e1acc36826d968{background-image:none;background-position:0 0;background-repeat:repeat;background-size:auto;border-bottom-left-radius:0;border-bottom-right-radius:0;border-color:#747474;border-top-left-radius:0;border-top-right-radius:0;border-style:none;border-width:0;box-shadow:none;box-sizing:border-box;color:#747474;display:block;font-family:Inter,Arial,Helvetica,sans-serif;font-size:18px;line-height:27.72px;text-align:start}.gsbp-e1acc36826d968{background-color:#fff;clear:both;flex-grow:1;margin:0;padding:20px 30px 0}.gsbp-538ec82507f398{background-color:transparent;margin:0 auto;padding:0;max-width:1100px}@media (max-width:991.98px){.gsbp-538ec82507f398{display:flex;margin-left:0;margin-right:0;flex-wrap:wrap}}.gsbp-b5334c0e223c88{background-color:transparent;background-image:none;background-position:0 0;background-repeat:repeat;background-size:auto;border-bottom-left-radius:0;border-bottom-right-radius:0;border-color:#747474;border-top-left-radius:0;border-top-right-radius:0;border-style:none;border-width:0;box-shadow:none;box-sizing:border-box;color:#747474;display:block;float:left;font-family:Inter,Arial,Helvetica,sans-serif;font-size:18px;line-height:27.72px;margin:0;padding:0;text-align:start;width:100%;min-height:1px}@media (max-width:575.98px){.gsbp-b5334c0e223c88{float:none}}.gsbp-11e98fc9b3f518,.gsbp-5c4c2f75e3b058,.gsbp-a97c2080066ea{background-color:transparent;background-image:none;background-position:0 0;background-repeat:repeat;background-size:auto;border-bottom-left-radius:0;border-bottom-right-radius:0;border-color:#747474;border-top-left-radius:0;border-top-right-radius:0;border-style:none;border-width:0;box-shadow:none;box-sizing:border-box;color:#747474;display:block;font-family:Inter,Arial,Helvetica,sans-serif;font-size:18px;line-height:27.72px;margin:0;padding:0;text-align:start}.gsbp-11e98fc9b3f518,.gsbp-a97c2080066ea{display:none}.gsbp-cfecceeef27bd{border-color:#747474;color:#747474;display:inline}.gsbp-4db1f52769b66,.gsbp-4f17df9a954ad8,.gsbp-cfecceeef27bd{background-color:transparent;background-image:none;background-position:0 0;background-repeat:repeat;background-size:auto;border-bottom-left-radius:0;border-bottom-right-radius:0;border-top-left-radius:0;border-top-right-radius:0;border-style:none;border-width:0;box-shadow:none;box-sizing:border-box;font-family:Inter,Arial,Helvetica,sans-serif;font-size:18px;line-height:27.72px;margin:0;padding:0;text-align:start}.gsbp-4db1f52769b66{border-color:#333;color:#333;cursor:pointer;display:inline;text-decoration:none}.gsbp-4f17df9a954ad8{border-color:#747474;color:#747474;display:none}.gsbp-8fca511ad8f5c8{background-color:transparent;position:relative}.gsbp-3e2d98d75fd618,.gsbp-8fca511ad8f5c8,.gsbp-da4808352bcdf{background-image:none;background-position:0 0;background-repeat:repeat;background-size:auto;border-bottom-left-radius:0;border-bottom-right-radius:0;border-color:#747474;border-top-left-radius:0;border-top-right-radius:0;border-style:none;border-width:0;box-shadow:none;box-sizing:border-box;color:#747474;display:block;font-family:Inter,Arial,Helvetica,sans-serif;font-size:18px;line-height:27.72px;margin:0;padding:0;text-align:start}.gsbp-da4808352bcdf{background-color:transparent}.gsbp-3e2d98d75fd618{background-color:rgba(2,1,1,.04);position:relative;transition-behavior:normal,normal,normal,normal;transition-delay:0s,0s,0s,0s;transition-duration:.3s,.3s,.3s,.3s;transition-property:background,border,border-radius,box-shadow;transition-timing-function:ease,ease,ease,ease;width:1905px;left:-402.5px}@media (max-width:991.98px){.gsbp-3e2d98d75fd618{width:753px;left:-30px}}@media (max-width:575.98px){.gsbp-3e2d98d75fd618{width:375px}}.gsbp-1ce72bf1059258{align-items:center;background-color:transparent;background-image:none;background-position:0 0;background-repeat:repeat;background-size:auto;border-bottom-left-radius:0;border-bottom-right-radius:0;border-color:#747474;border-top-left-radius:0;border-top-right-radius:0;border-style:none;border-width:0;box-shadow:none;box-sizing:border-box;color:#747474;display:flex;font-family:Inter,Arial,Helvetica,sans-serif;font-size:18px;line-height:27.72px;margin:0 auto;padding:0;position:relative;text-align:start;max-width:1140px;min-height:467px}@media (max-width:991.98px){.gsbp-1ce72bf1059258{margin-left:0;margin-right:0;max-width:1024px;flex-wrap:wrap}}@media (max-width:575.98px){.gsbp-1ce72bf1059258{max-width:767px}}.gsbp-29107417b5aca{border-color:#747474;color:#747474;display:flex;font-size:18px;line-height:27.72px;margin:0;padding:0;position:relative;text-align:start;min-height:1px;width:100%}.gsbp-0ce59e822d46d8,.gsbp-29107417b5aca,.gsbp-ab34113d86a85,.gsbp-b453fbcd8e46e,.gsbp-f9a0e0f70989c8{background-color:transparent;background-image:none;background-position:0 0;background-repeat:repeat;background-size:auto;border-bottom-left-radius:0;border-bottom-right-radius:0;border-top-left-radius:0;border-top-right-radius:0;border-style:none;border-width:0;box-shadow:none;box-sizing:border-box;font-family:Inter,Arial,Helvetica,sans-serif}.gsbp-ab34113d86a85{align-content:flex-start;border-color:#747474;color:#747474;display:flex;flex-wrap:wrap;font-size:18px;line-height:27.72px;margin:0;padding:10px;position:relative;text-align:start;width:100%}.gsbp-0ce59e822d46d8,.gsbp-b453fbcd8e46e,.gsbp-f9a0e0f70989c8{display:block;padding:0;text-align:center}.gsbp-f9a0e0f70989c8{border-color:#747474;color:#747474;font-size:18px;line-height:27.72px;margin:0 0 20px;position:relative;width:100%}.gsbp-0ce59e822d46d8,.gsbp-b453fbcd8e46e{margin:0}.gsbp-b453fbcd8e46e{border-color:#747474;color:#747474;font-size:18px;line-height:27.72px;transition-behavior:normal,normal,normal,normal,normal;transition-delay:0s,0s,0s,0s,0s;transition-duration:.3s,.3s,.3s,.3s,.4s;transition-property:background,border,border-radius,box-shadow,transform;transition-timing-function:ease,ease,ease,ease,ease}.gsbp-0ce59e822d46d8{border-color:#000;color:#000;font-size:28px;line-height:1.2;font-weight:500}@media (max-width:991.98px){.gsbp-0ce59e822d46d8{font-size:calc(calc((28*1px) - (.54*(28 - calc(1.5*18))*(360*1px - 100vw))\/(800 - 360) - (28 - calc(1.5*18))*.54*1px))}}.gsbp-06f0ba5c1bff2,.gsbp-2418cf395dec58{border-color:#747474;border-style:none;border-width:0;display:block;padding:0;text-align:start}.gsbp-2418cf395dec58{background-color:transparent;background-image:none;background-position:0 0;background-repeat:repeat;background-size:auto;border-bottom-left-radius:0;border-bottom-right-radius:0;border-top-left-radius:0;border-top-right-radius:0;box-shadow:none;box-sizing:border-box;color:#747474;font-family:Inter,Arial,Helvetica,sans-serif;font-size:18px;line-height:27.72px;margin:0 0 20px;position:relative;width:100%}.gsbp-06f0ba5c1bff2{margin:-12px 0 0;transition-behavior:normal,normal,normal,normal,normal;transition-delay:0s,0s,0s,0s,0s;transition-duration:.3s,.3s,.3s,.3s,.4s;transition-property:background,border,border-radius,box-shadow,transform;transition-timing-function:ease,ease,ease,ease,ease}.gsbp-06f0ba5c1bff2,.gsbp-49413ed752b588,.gsbp-500e9d13a27d6,.gsbp-71114f6302872,.gsbp-909ef1be5ea5f8{background-color:transparent;background-image:none;background-position:0 0;background-repeat:repeat;background-size:auto;border-bottom-left-radius:0;border-bottom-right-radius:0;border-top-left-radius:0;border-top-right-radius:0;box-shadow:none;box-sizing:border-box;color:#747474;font-family:Inter,Arial,Helvetica,sans-serif;font-size:18px;line-height:27.72px}.gsbp-49413ed752b588{border-color:#747474;border-style:none;border-width:0;display:flex;margin:0;padding:15px 0;text-align:center}.gsbp-500e9d13a27d6,.gsbp-71114f6302872,.gsbp-909ef1be5ea5f8{padding:0}.gsbp-909ef1be5ea5f8{border-block-start-style:solid;border-color:#f93 #747474 #747474;border-style:solid none none;border-width:2px 0 0;display:flex;margin:0 auto;text-align:center;width:16%}.gsbp-500e9d13a27d6,.gsbp-71114f6302872{border-color:#747474;border-style:none;border-width:0;display:block;margin:0;text-align:start}.gsbp-500e9d13a27d6{position:relative;width:100%}.gsbp-71114f6302872{transition-behavior:normal,normal,normal,normal,normal;transition-delay:0s,0s,0s,0s,0s;transition-duration:.3s,.3s,.3s,.3s,.4s;transition-property:background,border,border-radius,box-shadow,transform;transition-timing-function:ease,ease,ease,ease,ease}.gspb_text-id-gsbp-b7cf165,.gspb_text-id-gsbp-b7cf165 .gsap-g-line{text-align:center!important}.gsbp-76a1679b3ecbe,.gsbp-983bcddb7de0e{background-color:transparent;background-image:none;background-position:0 0;background-repeat:repeat;background-size:auto;border-bottom-left-radius:0;border-bottom-right-radius:0;border-color:#747474;border-top-left-radius:0;border-top-right-radius:0;border-style:none;border-width:0;box-shadow:none;box-sizing:border-box;color:#747474;font-family:Inter,Arial,Helvetica,sans-serif;font-size:18px;line-height:27.72px;margin:0;padding:0;position:relative;text-align:start}.gsbp-76a1679b3ecbe{display:block}.gsbp-983bcddb7de0e{display:flex;max-width:1140px}@media (max-width:991.98px){.gsbp-983bcddb7de0e{max-width:1024px;flex-wrap:wrap}}@media (max-width:575.98px){.gsbp-983bcddb7de0e{max-width:767px}}.gsbp-033f7bdb4b4de{display:flex;padding:0;min-height:1px}.gsbp-033f7bdb4b4de,.gsbp-b47812812fe39,.gsbp-f7d0e2d9a832b{background-color:transparent;background-image:none;background-position:0 0;background-repeat:repeat;background-size:auto;border-bottom-left-radius:0;border-bottom-right-radius:0;border-color:#747474;border-top-left-radius:0;border-top-right-radius:0;border-style:none;border-width:0;box-shadow:none;box-sizing:border-box;color:#747474;font-family:Inter,Arial,Helvetica,sans-serif;font-size:18px;line-height:27.72px;margin:0;position:relative;text-align:start;width:100%}.gsbp-f7d0e2d9a832b{align-content:flex-start;display:flex;flex-wrap:wrap;padding:10px}.gsbp-b47812812fe39{display:block;padding:0}.gsbp-cc10d31f700578{transition-behavior:normal,normal,normal,normal,normal;transition-delay:0s,0s,0s,0s,0s;transition-duration:.3s,.3s,.3s,.3s,.4s;transition-property:background,border,border-radius,box-shadow,transform;transition-timing-function:ease,ease,ease,ease,ease}.gsbp-1a0ab2c4c49eb8,.gsbp-659465671cdf68,.gsbp-cc10d31f700578{background-color:transparent;background-image:none;background-position:0 0;background-repeat:repeat;background-size:auto;border-bottom-left-radius:0;border-bottom-right-radius:0;border-color:#747474;border-top-left-radius:0;border-top-right-radius:0;border-style:none;border-width:0;box-shadow:none;box-sizing:border-box;color:#747474;display:block;font-family:Inter,Arial,Helvetica,sans-serif;font-size:18px;line-height:27.72px;margin:0;padding:0;text-align:start}.gsbp-659465671cdf68{height:50px}","footnotes":""},"class_list":["post-1369","page","type-page","status-publish","hentry"],"blocksy_meta":[],"_links":{"self":[{"href":"https:\/\/chinasourcinggroup.com\/fr\/wp-json\/wp\/v2\/pages\/1369","targetHints":{"allow":["GET"]}}],"collection":[{"href":"https:\/\/chinasourcinggroup.com\/fr\/wp-json\/wp\/v2\/pages"}],"about":[{"href":"https:\/\/chinasourcinggroup.com\/fr\/wp-json\/wp\/v2\/types\/page"}],"author":[{"embeddable":true,"href":"https:\/\/chinasourcinggroup.com\/fr\/wp-json\/wp\/v2\/users\/1"}],"replies":[{"embeddable":true,"href":"https:\/\/chinasourcinggroup.com\/fr\/wp-json\/wp\/v2\/comments?post=1369"}],"version-history":[{"count":5,"href":"https:\/\/chinasourcinggroup.com\/fr\/wp-json\/wp\/v2\/pages\/1369\/revisions"}],"predecessor-version":[{"id":1778,"href":"https:\/\/chinasourcinggroup.com\/fr\/wp-json\/wp\/v2\/pages\/1369\/revisions\/1778"}],"wp:attachment":[{"href":"https:\/\/chinasourcinggroup.com\/fr\/wp-json\/wp\/v2\/media?parent=1369"}],"curies":[{"name":"wp","href":"https:\/\/api.w.org\/{rel}","templated":true}]}}